{"id":5430,"date":"2025-05-08T13:06:01","date_gmt":"2025-05-08T11:06:01","guid":{"rendered":"https:\/\/ablitas.ccrrnavarras.com\/?page_id=5430"},"modified":"2025-06-24T16:50:06","modified_gmt":"2025-06-24T14:50:06","slug":"zerbitzuaren-kalitatea","status":"publish","type":"page","link":"https:\/\/ablitas.ccrrnavarras.com\/eu\/zerbitzuaren-kalitatea\/","title":{"rendered":"Zerbitzuaren Kalitatea"},"content":{"rendered":"\t\t<div data-elementor-type=\"wp-page\" data-elementor-id=\"5430\" class=\"elementor elementor-5430 elementor-5025\" data-elementor-post-type=\"page\">\n\t\t\t\t<div class=\"elementor-element elementor-element-e625c05 e-flex e-con-boxed e-con e-parent\" data-id=\"e625c05\" data-element_type=\"container\" data-settings=\"{&quot;background_background&quot;:&quot;classic&quot;}\">\n\t\t\t\t\t<div class=\"e-con-inner\">\n\t\t\t\t<div class=\"elementor-element elementor-element-ae5fc7e blue-underline elementor-widget elementor-widget-heading\" data-id=\"ae5fc7e\" data-element_type=\"widget\" data-widget_type=\"heading.default\">\n\t\t\t\t<div class=\"elementor-widget-container\">\n\t\t\t\t\t<h1 class=\"elementor-heading-title elementor-size-default\">Calidad de Servicio<\/h1>\t\t\t\t<\/div>\n\t\t\t\t<\/div>\n\t\t\t\t\t<\/div>\n\t\t\t\t<\/div>\n\t\t<div class=\"elementor-element elementor-element-002daca e-flex e-con-boxed e-con e-parent\" data-id=\"002daca\" data-element_type=\"container\" data-settings=\"{&quot;background_background&quot;:&quot;classic&quot;}\">\n\t\t\t\t\t<div class=\"e-con-inner\">\n\t\t\t\t<div class=\"elementor-element elementor-element-04cf75f blue-title elementor-widget elementor-widget-heading\" data-id=\"04cf75f\" data-element_type=\"widget\" data-widget_type=\"heading.default\">\n\t\t\t\t<div class=\"elementor-widget-container\">\n\t\t\t\t\t<h2 class=\"elementor-heading-title elementor-size-default\">Uso de recursos<\/h2>\t\t\t\t<\/div>\n\t\t\t\t<\/div>\n\t\t\t\t<div class=\"elementor-element elementor-element-ee0ad9d elementor-widget elementor-widget-text-editor\" data-id=\"ee0ad9d\" data-element_type=\"widget\" data-widget_type=\"text-editor.default\">\n\t\t\t\t<div class=\"elementor-widget-container\">\n\t\t\t\t\t\t\t\t\t<p><span style=\"font-style: inherit; font-weight: inherit;\">El bombeo de Canal de Lodosa tiene 6 l\u00edneas y en cada una de ellas se mide el flujo [m3 bomba L1, m3 bomba L2, m3 bomba L3, m3 bomba L4, m3 bomba L5, m3 bomba L6].<\/span><\/p><p>El bombeo de r\u00edo Queiles tiene 3 l\u00edneas con sendos caudal\u00edmetros electromagn\u00e9ticos [m3 bomba Q1, m3 bomba Q2, m3 bomba Q3].<\/p><div>\u00a0<\/div>\t\t\t\t\t\t\t\t<\/div>\n\t\t\t\t<\/div>\n\t\t<div class=\"elementor-element elementor-element-0b8129c e-con-full e-flex e-con e-child\" data-id=\"0b8129c\" data-element_type=\"container\">\n\t\t\t\t<div class=\"elementor-element elementor-element-398ee1b blue-title elementor-widget elementor-widget-heading\" data-id=\"398ee1b\" data-element_type=\"widget\" data-widget_type=\"heading.default\">\n\t\t\t\t<div class=\"elementor-widget-container\">\n\t\t\t\t\t<h2 class=\"elementor-heading-title elementor-size-default\">Uso de agua<\/h2>\t\t\t\t<\/div>\n\t\t\t\t<\/div>\n\t\t\t\t<div class=\"elementor-element elementor-element-1a68025 elementor-widget elementor-widget-text-editor\" data-id=\"1a68025\" data-element_type=\"widget\" data-widget_type=\"text-editor.default\">\n\t\t\t\t<div class=\"elementor-widget-container\">\n\t\t\t\t\t\t\t\t\t<p><span lang=\"ES\">En el \u00faltimo a\u00f1o (2024), la demanda de agua de riego de 5.564.472 m<sup>3<\/sup> se impuls\u00f3 a la altura m\u00e1xima de 129 mca de la red del Canal de Lodosa y de 104 mca de la red con origen en el r\u00edo Queiles, lo que supuso un gasto energ\u00e9tico de X kWh.<\/span><\/p><p><span lang=\"ES\">\u00a0<\/span><\/p><p><span lang=\"ES\">La digitalizaci\u00f3n va a permitir conocer el caudal y presi\u00f3n demandados en tiempo real, permitiendo que los variadores de frecuencia que manejan los grupos motobomba adapten la altura de bombeo a lo requerido cada momento. El objetivo es minimizar el factor kWh\/m<sup>3<\/sup> y la consiguiente huella de carbono.<\/span><\/p><p>\u00a0<\/p>\t\t\t\t\t\t\t\t<\/div>\n\t\t\t\t<\/div>\n\t\t\t\t<div class=\"elementor-element elementor-element-896e055 elementor-widget elementor-widget-tablepress-table\" data-id=\"896e055\" data-element_type=\"widget\" data-widget_type=\"tablepress-table.default\">\n\t\t\t\t\t\n<table id=\"tablepress-1\" class=\"tablepress tablepress-id-1\">\n<thead>\n<tr class=\"row-1\">\n\t<th class=\"column-1\" scope=\"col\">A\u00f1o<\/th><th class=\"column-2\" scope=\"col\">2025<\/th><th class=\"column-3\" scope=\"col\">2026<\/th><th class=\"column-4\" scope=\"col\">2027<\/th><th class=\"column-5\" scope=\"col\">2028<\/th><th class=\"column-6\" scope=\"col\">2029<\/th>\n<\/tr>\n<\/thead>\n<tbody>\n<tr class=\"row-2\">\n\t<td class=\"column-1\" scope=\"row\">Uso de agua [m3]<\/td><td class=\"column-2\"><\/td><td class=\"column-3\"><\/td><td class=\"column-4\"><\/td><td class=\"column-5\"><\/td><td class=\"column-6\"><\/td>\n<\/tr>\n<tr class=\"row-3\">\n\t<td class=\"column-1\" scope=\"row\">Uso de energ\u00eda [KWh\/tCO2]<\/td><td class=\"column-2\"><\/td><td class=\"column-3\"><\/td><td class=\"column-4\"><\/td><td class=\"column-5\"><\/td><td class=\"column-6\"><\/td>\n<\/tr>\n<tr class=\"row-4\">\n\t<td class=\"column-1\" scope=\"row\">kWh\/m3<\/td><td class=\"column-2\"><\/td><td class=\"column-3\"><\/td><td class=\"column-4\"><\/td><td class=\"column-5\"><\/td><td class=\"column-6\"><\/td>\n<\/tr>\n<tr class=\"row-5\">\n\t<td class=\"column-1\" scope=\"row\">Eficiencia Energ\u00e9tica [%]<\/td><td class=\"column-2\"><\/td><td class=\"column-3\"><\/td><td class=\"column-4\"><\/td><td class=\"column-5\"><\/td><td class=\"column-6\"><\/td>\n<\/tr>\n<tr class=\"row-6\">\n\t<td class=\"column-1\" scope=\"row\">P\u00e9rdidas de agua en la red [m3]<\/td><td class=\"column-2\"><\/td><td class=\"column-3\"><\/td><td class=\"column-4\"><\/td><td class=\"column-5\"><\/td><td class=\"column-6\"><\/td>\n<\/tr>\n<tr class=\"row-7\">\n\t<td class=\"column-1\" scope=\"row\">Eficiencia en la distribuci\u00f3n de agua [%]<\/td><td class=\"column-2\"><\/td><td class=\"column-3\"><\/td><td class=\"column-4\"><\/td><td class=\"column-5\"><\/td><td class=\"column-6\"><\/td>\n<\/tr>\n<tr class=\"row-8\">\n\t<td class=\"column-1\" scope=\"row\">Reclamaciones formuladas [n\u00ba ]<\/td><td class=\"column-2\"><\/td><td class=\"column-3\"><\/td><td class=\"column-4\"><\/td><td class=\"column-5\"><\/td><td class=\"column-6\"><\/td>\n<\/tr>\n<tr class=\"row-9\">\n\t<td class=\"column-1\" scope=\"row\">Cultivos distintos en la  alternativa [n\u00ba ]<\/td><td class=\"column-2\"><\/td><td class=\"column-3\"><\/td><td class=\"column-4\"><\/td><td class=\"column-5\"><\/td><td class=\"column-6\"><\/td>\n<\/tr>\n<tr class=\"row-10\">\n\t<td class=\"column-1\" scope=\"row\">Dobles cosechas en la  alternativa [%]<\/td><td class=\"column-2\"><\/td><td class=\"column-3\"><\/td><td class=\"column-4\"><\/td><td class=\"column-5\"><\/td><td class=\"column-6\"><\/td>\n<\/tr>\n<tr class=\"row-11\">\n\t<td class=\"column-1\" scope=\"row\">Productividad del agua  de riego [\u20ac\/m3]<\/td><td class=\"column-2\"><\/td><td class=\"column-3\"><\/td><td class=\"column-4\"><\/td><td class=\"column-5\"><\/td><td class=\"column-6\"><\/td>\n<\/tr>\n<tr class=\"row-12\">\n\t<td class=\"column-1\" scope=\"row\">Reclamaciones atendidas [% del total]<\/td><td class=\"column-2\"><\/td><td class=\"column-3\"><\/td><td class=\"column-4\"><\/td><td class=\"column-5\"><\/td><td class=\"column-6\"><\/td>\n<\/tr>\n<tr class=\"row-13\">\n\t<td class=\"column-1\" scope=\"row\">Grado de seguimiento de las recomendaci\u00f3n de riego [%]<\/td><td class=\"column-2\"><\/td><td class=\"column-3\"><\/td><td class=\"column-4\"><\/td><td class=\"column-5\"><\/td><td class=\"column-6\"><\/td>\n<\/tr>\n<\/tbody>\n<\/table>\n\t\t\t\t<\/div>\n\t\t\t\t<\/div>\n\t\t\t\t\t<\/div>\n\t\t\t\t<\/div>\n\t\t\t\t<\/div>\n\t\t","protected":false},"excerpt":{"rendered":"<p>Calidad de Servicio Uso de recursos El bombeo de Canal de Lodosa tiene 6 l\u00edneas y en cada una de ellas se mide el flujo [m3 bomba L1, m3 bomba L2, m3 bomba L3, m3 bomba L4, m3 bomba L5, m3 bomba L6]. El bombeo de r\u00edo Queiles tiene 3 l\u00edneas con sendos caudal\u00edmetros electromagn\u00e9ticos [&hellip;]<\/p>\n","protected":false},"author":1,"featured_media":0,"parent":0,"menu_order":0,"comment_status":"closed","ping_status":"closed","template":"","meta":{"site-sidebar-layout":"no-sidebar","site-content-layout":"page-builder","ast-site-content-layout":"full-width-container","site-content-style":"unboxed","site-sidebar-style":"default","ast-global-header-display":"","ast-banner-title-visibility":"","ast-main-header-display":"","ast-hfb-above-header-display":"","ast-hfb-below-header-display":"","ast-hfb-mobile-header-display":"","site-post-title":"disabled","ast-breadcrumbs-content":"","ast-featured-img":"disabled","footer-sml-layout":"","theme-transparent-header-meta":"enabled","adv-header-id-meta":"","stick-header-meta":"","header-above-stick-meta":"","header-main-stick-meta":"","header-below-stick-meta":"","astra-migrate-meta-layouts":"set","ast-page-background-enabled":"default","ast-page-background-meta":{"desktop":{"background-color":"var(--ast-global-color-4)","background-image":"","background-repeat":"repeat","background-position":"center center","background-size":"auto","background-attachment":"scroll","background-type":"","background-media":"","overlay-type":"","overlay-color":"","overlay-opacity":"","overlay-gradient":""},"tablet":{"background-color":"","background-image":"","background-repeat":"repeat","background-position":"center center","background-size":"auto","background-attachment":"scroll","background-type":"","background-media":"","overlay-type":"","overlay-color":"","overlay-opacity":"","overlay-gradient":""},"mobile":{"background-color":"","background-image":"","background-repeat":"repeat","background-position":"center center","background-size":"auto","background-attachment":"scroll","background-type":"","background-media":"","overlay-type":"","overlay-color":"","overlay-opacity":"","overlay-gradient":""}},"ast-content-background-meta":{"desktop":{"background-color":"var(--ast-global-color-5)","background-image":"","background-repeat":"repeat","background-position":"center center","background-size":"auto","background-attachment":"scroll","background-type":"","background-media":"","overlay-type":"","overlay-color":"","overlay-opacity":"","overlay-gradient":""},"tablet":{"background-color":"var(--ast-global-color-5)","background-image":"","background-repeat":"repeat","background-position":"center center","background-size":"auto","background-attachment":"scroll","background-type":"","background-media":"","overlay-type":"","overlay-color":"","overlay-opacity":"","overlay-gradient":""},"mobile":{"background-color":"var(--ast-global-color-5)","background-image":"","background-repeat":"repeat","background-position":"center center","background-size":"auto","background-attachment":"scroll","background-type":"","background-media":"","overlay-type":"","overlay-color":"","overlay-opacity":"","overlay-gradient":""}},"footnotes":""},"class_list":["post-5430","page","type-page","status-publish","hentry"],"_links":{"self":[{"href":"https:\/\/ablitas.ccrrnavarras.com\/eu\/wp-json\/wp\/v2\/pages\/5430","targetHints":{"allow":["GET"]}}],"collection":[{"href":"https:\/\/ablitas.ccrrnavarras.com\/eu\/wp-json\/wp\/v2\/pages"}],"about":[{"href":"https:\/\/ablitas.ccrrnavarras.com\/eu\/wp-json\/wp\/v2\/types\/page"}],"author":[{"embeddable":true,"href":"https:\/\/ablitas.ccrrnavarras.com\/eu\/wp-json\/wp\/v2\/users\/1"}],"replies":[{"embeddable":true,"href":"https:\/\/ablitas.ccrrnavarras.com\/eu\/wp-json\/wp\/v2\/comments?post=5430"}],"version-history":[{"count":5,"href":"https:\/\/ablitas.ccrrnavarras.com\/eu\/wp-json\/wp\/v2\/pages\/5430\/revisions"}],"predecessor-version":[{"id":5474,"href":"https:\/\/ablitas.ccrrnavarras.com\/eu\/wp-json\/wp\/v2\/pages\/5430\/revisions\/5474"}],"wp:attachment":[{"href":"https:\/\/ablitas.ccrrnavarras.com\/eu\/wp-json\/wp\/v2\/media?parent=5430"}],"curies":[{"name":"wp","href":"https:\/\/api.w.org\/{rel}","templated":true}]}}