{"id":5444,"date":"2025-05-08T12:50:58","date_gmt":"2025-05-08T10:50:58","guid":{"rendered":"https:\/\/ablitas.ccrrnavarras.com\/?page_id=5444"},"modified":"2025-06-24T16:55:05","modified_gmt":"2025-06-24T14:55:05","slug":"pribatutasun-politika","status":"publish","type":"page","link":"https:\/\/ablitas.ccrrnavarras.com\/eu\/pribatutasun-politika\/","title":{"rendered":"Pribatutasun Politika"},"content":{"rendered":"\t\t<div data-elementor-type=\"wp-page\" data-elementor-id=\"5444\" class=\"elementor elementor-5444 elementor-5014\" data-elementor-post-type=\"page\">\n\t\t\t\t<div class=\"elementor-element elementor-element-02bbe0a e-flex e-con-boxed e-con e-parent\" data-id=\"02bbe0a\" data-element_type=\"container\" data-settings=\"{&quot;background_background&quot;:&quot;classic&quot;}\">\n\t\t\t\t\t<div class=\"e-con-inner\">\n\t\t\t\t<div class=\"elementor-element elementor-element-67b5b62 blue-underline elementor-widget elementor-widget-heading\" data-id=\"67b5b62\" data-element_type=\"widget\" data-widget_type=\"heading.default\">\n\t\t\t\t<div class=\"elementor-widget-container\">\n\t\t\t\t\t<h1 class=\"elementor-heading-title elementor-size-default\">Pol\u00edtica de privacidad<\/h1>\t\t\t\t<\/div>\n\t\t\t\t<\/div>\n\t\t\t\t\t<\/div>\n\t\t\t\t<\/div>\n\t\t<div class=\"elementor-element elementor-element-5deeca3 e-flex e-con-boxed e-con e-parent\" data-id=\"5deeca3\" data-element_type=\"container\" data-settings=\"{&quot;background_background&quot;:&quot;classic&quot;}\">\n\t\t\t\t\t<div class=\"e-con-inner\">\n\t\t<div class=\"elementor-element elementor-element-0944ece e-con-full e-flex e-con e-child\" data-id=\"0944ece\" data-element_type=\"container\">\n\t\t\t\t<div class=\"elementor-element elementor-element-76b5f44 blue-title elementor-widget elementor-widget-heading\" data-id=\"76b5f44\" data-element_type=\"widget\" data-widget_type=\"heading.default\">\n\t\t\t\t<div class=\"elementor-widget-container\">\n\t\t\t\t\t<h3 class=\"elementor-heading-title elementor-size-default\">TRATAMIENTOS DE DATOS PERSONALES  A TRAV\u00c9S DE LA P\u00c1GINA WEB<\/h3>\t\t\t\t<\/div>\n\t\t\t\t<\/div>\n\t\t\t\t<div class=\"elementor-element elementor-element-a98109a elementor-widget elementor-widget-text-editor\" data-id=\"a98109a\" data-element_type=\"widget\" data-widget_type=\"text-editor.default\">\n\t\t\t\t<div class=\"elementor-widget-container\">\n\t\t\t\t\t\t\t\t\t<p>En cumplimiento de lo establecido en la normativa aplicable de Protecci\u00f3n de Datos, le informamos que los datos que ser\u00e1n tratados como Responsable por INSTITUTO NAVARRO DE TECNOLOGIAS E INFRAESTRUCTURAS AGROALIMENTARIAS, SA. , cuya finalidad del tratamiento es la prestaci\u00f3n del servicio que el usuario solicite a trav\u00e9s de nuestro formulario de contacto y para ello necesitamos que marque la casilla habilitada que indica la aceptaci\u00f3n de esta pol\u00edtica, de tal manera que si no lo hace no tendremos su consentimiento expreso y por ello no podremos dar respuesta a su solicitud.<\/p><p>Para la correcta prestaci\u00f3n de los servicios ofrecidos por INSTITUTO NAVARRO DE TECNOLOGIAS E INFRAESTRUCTURAS AGROALIMENTARIAS, SA. , es preciso que el usuario conteste a todas y cada una de las preguntas que aparecen en los formularios presentes en nuestro sitio web. Asimismo, el usuario declara que es mayor de edad.<\/p><p>El tratamiento de los datos de car\u00e1cter personal solicitados tendr\u00e1n adem\u00e1s como finalidad del tratamiento el env\u00edo de informaci\u00f3n comercial relativa a productos y servicios ofrecidos actualmente y en el futuro por INSTITUTO NAVARRO DE TECNOLOGIAS E INFRAESTRUCTURAS AGROALIMENTARIAS, SA. ; esa informaci\u00f3n incluye comunicaciones publicitarias y promocionales, a trav\u00e9s de correo postal, fax, correo electr\u00f3nico o\u00a0 cualquier otro medio. Para realizar este tratamiento es necesario que el usuario marque la casilla habilitada al efecto en el formulario de la p\u00e1gina web.\u00a0<\/p><p>Dado el car\u00e1cter personal de los datos facilitados, INSTITUTO NAVARRO DE TECNOLOGIAS E INFRAESTRUCTURAS AGROALIMENTARIAS, SA.\u00a0 se compromete a tratarlos con estricta confidencialidad guardando el secreto debido, a este efecto, la entidad ha implantado las medidas de seguridad adecuadas conforme el an\u00e1lisis de riesgos realizado.<\/p><p>Le informamos que no se ceder\u00e1n sus datos a terceros ni se realizar\u00e1n transferencias internacionales de datos, salvo obligaci\u00f3n legal o cesi\u00f3n necesaria \u00fanica y exclusivamente cuando sea necesario para la prestaci\u00f3n del servicio solicitado, en cuyo caso se solicitar\u00e1 el consentimiento para ello.<\/p>\t\t\t\t\t\t\t\t<\/div>\n\t\t\t\t<\/div>\n\t\t\t\t<div class=\"elementor-element elementor-element-663a337 blue-title elementor-widget elementor-widget-heading\" data-id=\"663a337\" data-element_type=\"widget\" data-widget_type=\"heading.default\">\n\t\t\t\t<div class=\"elementor-widget-container\">\n\t\t\t\t\t<h3 class=\"elementor-heading-title elementor-size-default\">DERECHOS<\/h3>\t\t\t\t<\/div>\n\t\t\t\t<\/div>\n\t\t\t\t<div class=\"elementor-element elementor-element-cd04920 elementor-widget elementor-widget-text-editor\" data-id=\"cd04920\" data-element_type=\"widget\" data-widget_type=\"text-editor.default\">\n\t\t\t\t<div class=\"elementor-widget-container\">\n\t\t\t\t\t\t\t\t\t<p class=\"\" data-start=\"184\" data-end=\"534\">Los datos recabados y tratados se conservar\u00e1n por un plazo de tiempo limitado, dicho plazo ser\u00e1 el necesario para cumplir las obligaciones legales impuestas al INSTITUTO NAVARRO DE TECNOLOGIAS E INFRAESTRUCTURAS AGROALIMENTARIAS, SA.\u00a0 por las diferentes normativas aplicables.<\/p><p class=\"\" data-start=\"184\" data-end=\"534\">El usuario como interesado puede ejercer en todo momento los siguientes derechos en la direcci\u00f3n indicada en el Aviso Legal:<\/p><ul><li data-start=\"184\" data-end=\"534\">Derecho de acceso: el interesado podr\u00e1 solicitar al Responsable los datos tratados y en caso afirmativo qu\u00e9 datos personales concretos son tratados.<\/li><li data-start=\"184\" data-end=\"534\">Derecho de rectificaci\u00f3n: el interesado podr\u00e1 solicitar al Responsable la correcci\u00f3n de sus datos personales en caso de no ser exactos.<\/li><li data-start=\"184\" data-end=\"534\">Derecho de supresi\u00f3n: el interesado podr\u00e1 solicitar al Responsable el borrado de sus datos personales.<\/li><li data-start=\"184\" data-end=\"534\">Derecho de oposici\u00f3n: el interesado podr\u00e1 oponerse a que el Responsable realice un tratamiento de sus datos personales.<\/li><li data-start=\"184\" data-end=\"534\">Derecho a la limitaci\u00f3n del tratamiento: el interesado podr\u00e1 solicitar al Responsable que temporalmente no trate sus datos personales en unos supuestos concretos.<\/li><li data-start=\"184\" data-end=\"534\">Derecho a la portabilidad: el interesado podr\u00e1 solicitar al Responsable sus datos automatizados en un formato estructurado de f\u00e1cil acceso y manejo.<\/li><\/ul><p class=\"\" data-start=\"184\" data-end=\"534\">M\u00e1s informaci\u00f3n sobre sus derechos en www.agpd.es.<\/p><p class=\"\" data-start=\"184\" data-end=\"534\">Asimismo, tiene derecho a presentar una reclamaci\u00f3n ante la Agencia Espa\u00f1ola de Protecci\u00f3n de Datos.\u00a0<\/p>\t\t\t\t\t\t\t\t<\/div>\n\t\t\t\t<\/div>\n\t\t\t\t<div class=\"elementor-element elementor-element-9753fe7 blue-title elementor-widget elementor-widget-heading\" data-id=\"9753fe7\" data-element_type=\"widget\" data-widget_type=\"heading.default\">\n\t\t\t\t<div class=\"elementor-widget-container\">\n\t\t\t\t\t<h3 class=\"elementor-heading-title elementor-size-default\">COOKIES<\/h3>\t\t\t\t<\/div>\n\t\t\t\t<\/div>\n\t\t\t\t<div class=\"elementor-element elementor-element-a01b27f elementor-widget elementor-widget-text-editor\" data-id=\"a01b27f\" data-element_type=\"widget\" data-widget_type=\"text-editor.default\">\n\t\t\t\t<div class=\"elementor-widget-container\">\n\t\t\t\t\t\t\t\t\t<p class=\"\" data-start=\"184\" data-end=\"534\">Los datos que ser\u00e1n almacenados en cada \u201ccookie\u201d son los siguientes: idioma, fecha y hora de la \u00faltima vez que el usuario visit\u00f3 nuestro Web, dise\u00f1o de contenidos que el usuario escogi\u00f3 en su primera visita a nuestro Web y elementos de seguridad que intervienen en el control de acceso a las \u00e1reas restringidas.<\/p><p class=\"\" data-start=\"184\" data-end=\"534\">Desde este sitio Web estudiamos las preferencias de nuestros usuarios (caracter\u00edsticas demogr\u00e1ficas, sus patrones de tr\u00e1fico y otra informaci\u00f3n en conjunto para comprender el comportamiento y el perfil de nuestros usuarios). El rastreo de las preferencias de nuestros usuarios nos ayuda para mejorar nuestra P\u00e1gina as\u00ed como nuestros servicios.<\/p><p class=\"\" data-start=\"184\" data-end=\"534\">Puede obtener m\u00e1s informaci\u00f3n en nuestra Pol\u00edtica de Cookies.<\/p><p class=\"\" data-start=\"184\" data-end=\"534\">Informaci\u00f3n completa sobre el tratamiento de datos personales<\/p>\t\t\t\t\t\t\t\t<\/div>\n\t\t\t\t<\/div>\n\t\t\t\t<div class=\"elementor-element elementor-element-5ed48ad blue-title elementor-widget elementor-widget-heading\" data-id=\"5ed48ad\" data-element_type=\"widget\" data-widget_type=\"heading.default\">\n\t\t\t\t<div class=\"elementor-widget-container\">\n\t\t\t\t\t<h3 class=\"elementor-heading-title elementor-size-default\">RESPONSABLE DEL TRATAMIENTO<\/h3>\t\t\t\t<\/div>\n\t\t\t\t<\/div>\n\t\t\t\t<div class=\"elementor-element elementor-element-ada2b8a elementor-widget elementor-widget-text-editor\" data-id=\"ada2b8a\" data-element_type=\"widget\" data-widget_type=\"text-editor.default\">\n\t\t\t\t<div class=\"elementor-widget-container\">\n\t\t\t\t\t\t\t\t\t<p data-start=\"184\" data-end=\"534\">\u00bfQui\u00e9n es el responsable del tratamiento de sus datos?\u00a0<\/p><ul><li data-start=\"184\" data-end=\"534\">Identidad: INSTITUTO NAVARRO DE TECNOLOGIAS E INFRAESTRUCTURAS AGROALIMENTARIAS, SA.<\/li><li data-start=\"184\" data-end=\"534\">Dir. Postal: Avda. Serapio Huici \u2013 22, 31610 Villava<\/li><li data-start=\"184\" data-end=\"534\">Correo electr\u00f3nico:\u00a0 intiasa@intiasa.es<\/li><\/ul><p data-start=\"184\" data-end=\"534\">Al plazo de conservaci\u00f3n espec\u00edfico de los datos habr\u00e1 que a\u00f1adir el tiempo necesario para cumplir con las obligaciones legales y atender las posibles responsabilidades que pudieran derivar del cumplimiento de la finalidad para la que los datos fueron recabados.<\/p><p data-start=\"184\" data-end=\"534\">En el caso que rijan de acuerdo con los principios se\u00f1alados en la Ley Foral 12\/2007 de 4 de abril, de Archivos y Documentos; los documentos de titularidad privada forman parte del Patrimonio Documental de Navarra de acuerdo con lo dispuesto en el art\u00edculo 71 de la Ley Foral 14\/2005, de 22 de noviembre, del Patrimonio Cultural de Navarra.<\/p><p data-start=\"184\" data-end=\"534\">Los archivos formados por documentaci\u00f3n de titularidad privada podr\u00e1n integrarse en el Sistema Archiv\u00edstico de Navarra con los derechos y obligaciones se\u00f1aladas en esta Ley Foral.<\/p>\t\t\t\t\t\t\t\t<\/div>\n\t\t\t\t<\/div>\n\t\t\t\t<div class=\"elementor-element elementor-element-2f32c7b blue-title elementor-widget elementor-widget-heading\" data-id=\"2f32c7b\" data-element_type=\"widget\" data-widget_type=\"heading.default\">\n\t\t\t\t<div class=\"elementor-widget-container\">\n\t\t\t\t\t<h3 class=\"elementor-heading-title elementor-size-default\">LEGITIMACI\u00d3N DEL TRATAMIENTO<\/h3>\t\t\t\t<\/div>\n\t\t\t\t<\/div>\n\t\t\t\t<div class=\"elementor-element elementor-element-31d2976 elementor-widget elementor-widget-text-editor\" data-id=\"31d2976\" data-element_type=\"widget\" data-widget_type=\"text-editor.default\">\n\t\t\t\t<div class=\"elementor-widget-container\">\n\t\t\t\t\t\t\t\t\t<p data-start=\"184\" data-end=\"534\">\u00bfCu\u00e1l es la legitimaci\u00f3n para el tratamiento de sus datos?<\/p><p data-start=\"184\" data-end=\"534\">La base legal para el tratamiento de sus datos es la siguiente:<\/p><ul><li data-start=\"184\" data-end=\"534\">Ejecuci\u00f3n del contrato en el caso de que Usted sea empleado cliente, proveedor o socio.<\/li><li data-start=\"184\" data-end=\"534\">Cumplimiento de una obligaci\u00f3n legal en los supuestos de informaci\u00f3n societaria.<\/li><li data-start=\"184\" data-end=\"534\">Misi\u00f3n en Inter\u00e9s p\u00fablico o Ejercicio de Poderes P\u00fablicos e Inter\u00e9s leg\u00edtimo en el caso de que haya sido grabado por las c\u00e1maras de videovigilancia.<\/li><li data-start=\"184\" data-end=\"534\">Consentimiento del interesado prestado en la p\u00e1gina web en el caso de que usted realice alguna petici\u00f3n o consulta en nuestro formulario de contacto o bien se suscriba a la newsletter o blog.\u00a0 Participe en actividades o eventos.\u00a0<\/li><li data-start=\"184\" data-end=\"534\">Consentimiento del interesado en el caso de que haya enviado su CV o registre un documento.<\/li><li data-start=\"184\" data-end=\"534\">Inter\u00e9s leg\u00edtimo a la hora de realizar env\u00edos publicitarios.<\/li><li data-start=\"184\" data-end=\"534\">Ejecuci\u00f3n de la relaci\u00f3n contractual si usted es alumno de formaci\u00f3n.<\/li><\/ul>\t\t\t\t\t\t\t\t<\/div>\n\t\t\t\t<\/div>\n\t\t\t\t<div class=\"elementor-element elementor-element-4055c0b blue-title elementor-widget elementor-widget-heading\" data-id=\"4055c0b\" data-element_type=\"widget\" data-widget_type=\"heading.default\">\n\t\t\t\t<div class=\"elementor-widget-container\">\n\t\t\t\t\t<h3 class=\"elementor-heading-title elementor-size-default\">DESTINATARIOS DE LOS DATOS SUMINISTRADOS<\/h3>\t\t\t\t<\/div>\n\t\t\t\t<\/div>\n\t\t\t\t<div class=\"elementor-element elementor-element-e5f8232 elementor-widget elementor-widget-text-editor\" data-id=\"e5f8232\" data-element_type=\"widget\" data-widget_type=\"text-editor.default\">\n\t\t\t\t<div class=\"elementor-widget-container\">\n\t\t\t\t\t\t\t\t\t<p data-start=\"184\" data-end=\"534\">\u00bfA qu\u00e9 destinatarios se comunicar\u00e1n sus datos?<\/p><ul><li>Los datos se comunicar\u00e1n\u00a0<strong>por requisito legal<\/strong>\u00a0a:<ul><li>\u00a0Organismos de la seguridad social (En el caso de los empleados)<\/li><li>\u00a0Administraci\u00f3n tributaria (En el caso de empleados, proveedores y clientes)<\/li><li>\u00a0Otros \u00f3rganos de la administraci\u00f3n p\u00fablica (En el caso de empleados, proveedores y clientes)<\/li><li>\u00a0Fuerzas y cuerpos de seguridad (En el caso de videovigilancia)<\/li><li>\u00a0Entidades aseguradoras (caso de empleados)<\/li><li>\u00a0Administraci\u00f3n p\u00fablica con competencia en materia<\/li><li>\u00a0Organismos de la Uni\u00f3n Europea<\/li><\/ul><\/li><li>Los datos se comunicar\u00e1n por\u00a0<strong>requisito contractual<\/strong>\u00a0a:<ul><li>\u00a0Organizaciones\/personas relacionadas con el responsable<\/li><li>\u00a0Bancos, cajas de ahorros, y cajas rurales<\/li><\/ul><\/li><\/ul>\t\t\t\t\t\t\t\t<\/div>\n\t\t\t\t<\/div>\n\t\t\t\t<div class=\"elementor-element elementor-element-f39eb8a blue-title elementor-widget elementor-widget-heading\" data-id=\"f39eb8a\" data-element_type=\"widget\" data-widget_type=\"heading.default\">\n\t\t\t\t<div class=\"elementor-widget-container\">\n\t\t\t\t\t<h3 class=\"elementor-heading-title elementor-size-default\">DERECHOS DE LOS INTERESADOS<\/h3>\t\t\t\t<\/div>\n\t\t\t\t<\/div>\n\t\t\t\t<div class=\"elementor-element elementor-element-44a4e0a elementor-widget elementor-widget-text-editor\" data-id=\"44a4e0a\" data-element_type=\"widget\" data-widget_type=\"text-editor.default\">\n\t\t\t\t<div class=\"elementor-widget-container\">\n\t\t\t\t\t\t\t\t\t<p data-start=\"184\" data-end=\"534\">\u00bfCu\u00e1les son sus derechos?<\/p>\n<p data-start=\"184\" data-end=\"534\">Cualquier persona tiene derecho a obtener confirmaci\u00f3n sobre si en INSTITUTO NAVARRO DE TECNOLOGIAS E INFRAESTRUCTURAS AGROALIMENTARIAS, S.A. estamos tratando datos personales que les conciernan, o no.<\/p>\n<ul>\n<li>Derecho de acceso: el interesado podr\u00e1 solicitar al Responsable los datos tratados y en caso afirmativo qu\u00e9 datos personales concretos son tratados.<\/li>\n<li data-start=\"184\" data-end=\"534\">Derecho de rectificaci\u00f3n: el interesado podr\u00e1 solicitar al Responsable la correcci\u00f3n de sus datos personales en caso de no ser exactos.<\/li>\n<li data-start=\"184\" data-end=\"534\">Derecho de supresi\u00f3n: el interesado podr\u00e1 solicitar al Responsable el borrado de sus datos personales cuando, entre otros motivos, los datos ya no sean necesarios para los fines para los que fueron recogidos.<\/li>\n<li data-start=\"184\" data-end=\"534\">Derecho de oposici\u00f3n: el interesado podr\u00e1 oponerse a que el Responsable realice un tratamiento de sus datos personales.<\/li>\n<li data-start=\"184\" data-end=\"534\">Derecho a la limitaci\u00f3n del tratamiento: el interesado podr\u00e1 solicitar al Responsable que temporalmente no trate sus datos personales en unos supuestos concretos.<\/li>\n<li data-start=\"184\" data-end=\"534\">Derecho a la portabilidad: el interesado podr\u00e1 solicitar al Responsable sus datos automatizados en un formato estructurado de f\u00e1cil acceso y manejo.<\/li>\n<\/ul>\n<p data-start=\"184\" data-end=\"534\">\u00bfC\u00f3mo se pueden ejercer los derechos?<\/p>\n<p data-start=\"184\" data-end=\"534\">Mediante un escrito dirigido a INSTITUTO NAVARRO DE TECNOLOGIAS E INFRAESTRUCTURAS AGROALIMENTARIAS, S.A., Avda. Serapio Huici \u2013 22, 31610, Villava.<\/p><p data-start=\"184\" data-end=\"534\"><br><\/p>\n<p data-start=\"184\" data-end=\"534\">\u00bfQu\u00e9 v\u00edas de reclamaci\u00f3n existen?<\/p>\n<p data-start=\"184\" data-end=\"534\">Si considera que sus derechos no se han atendido debidamente, tiene derecho a presentar una reclamaci\u00f3n ante la Agencia Espa\u00f1ola de Protecci\u00f3n de Datos, C\/ Jorge Juan, 6. 28001 \u2013 Madrid.<\/p>\t\t\t\t\t\t\t\t<\/div>\n\t\t\t\t<\/div>\n\t\t\t\t<\/div>\n\t\t\t\t\t<\/div>\n\t\t\t\t<\/div>\n\t\t\t\t<\/div>\n\t\t","protected":false},"excerpt":{"rendered":"<p>Pol\u00edtica de privacidad TRATAMIENTOS DE DATOS PERSONALES A TRAV\u00c9S DE LA P\u00c1GINA WEB En cumplimiento de lo establecido en la normativa aplicable de Protecci\u00f3n de Datos, le informamos que los datos que ser\u00e1n tratados como Responsable por INSTITUTO NAVARRO DE TECNOLOGIAS E INFRAESTRUCTURAS AGROALIMENTARIAS, SA. , cuya finalidad del tratamiento es la prestaci\u00f3n del servicio [&hellip;]<\/p>\n","protected":false},"author":1,"featured_media":0,"parent":0,"menu_order":0,"comment_status":"closed","ping_status":"closed","template":"","meta":{"site-sidebar-layout":"no-sidebar","site-content-layout":"page-builder","ast-site-content-layout":"full-width-container","site-content-style":"default","site-sidebar-style":"default","ast-global-header-display":"","ast-banner-title-visibility":"","ast-main-header-display":"","ast-hfb-above-header-display":"","ast-hfb-below-header-display":"","ast-hfb-mobile-header-display":"","site-post-title":"disabled","ast-breadcrumbs-content":"","ast-featured-img":"disabled","footer-sml-layout":"","theme-transparent-header-meta":"enabled","adv-header-id-meta":"","stick-header-meta":"","header-above-stick-meta":"","header-main-stick-meta":"","header-below-stick-meta":"","astra-migrate-meta-layouts":"set","ast-page-background-enabled":"default","ast-page-background-meta":{"desktop":{"background-color":"var(--ast-global-color-4)","background-image":"","background-repeat":"repeat","background-position":"center center","background-size":"auto","background-attachment":"scroll","background-type":"","background-media":"","overlay-type":"","overlay-color":"","overlay-opacity":"","overlay-gradient":""},"tablet":{"background-color":"","background-image":"","background-repeat":"repeat","background-position":"center center","background-size":"auto","background-attachment":"scroll","background-type":"","background-media":"","overlay-type":"","overlay-color":"","overlay-opacity":"","overlay-gradient":""},"mobile":{"background-color":"","background-image":"","background-repeat":"repeat","background-position":"center center","background-size":"auto","background-attachment":"scroll","background-type":"","background-media":"","overlay-type":"","overlay-color":"","overlay-opacity":"","overlay-gradient":""}},"ast-content-background-meta":{"desktop":{"background-color":"var(--ast-global-color-5)","background-image":"","background-repeat":"repeat","background-position":"center center","background-size":"auto","background-attachment":"scroll","background-type":"","background-media":"","overlay-type":"","overlay-color":"","overlay-opacity":"","overlay-gradient":""},"tablet":{"background-color":"var(--ast-global-color-5)","background-image":"","background-repeat":"repeat","background-position":"center center","background-size":"auto","background-attachment":"scroll","background-type":"","background-media":"","overlay-type":"","overlay-color":"","overlay-opacity":"","overlay-gradient":""},"mobile":{"background-color":"var(--ast-global-color-5)","background-image":"","background-repeat":"repeat","background-position":"center center","background-size":"auto","background-attachment":"scroll","background-type":"","background-media":"","overlay-type":"","overlay-color":"","overlay-opacity":"","overlay-gradient":""}},"footnotes":""},"class_list":["post-5444","page","type-page","status-publish","hentry"],"_links":{"self":[{"href":"https:\/\/ablitas.ccrrnavarras.com\/eu\/wp-json\/wp\/v2\/pages\/5444","targetHints":{"allow":["GET"]}}],"collection":[{"href":"https:\/\/ablitas.ccrrnavarras.com\/eu\/wp-json\/wp\/v2\/pages"}],"about":[{"href":"https:\/\/ablitas.ccrrnavarras.com\/eu\/wp-json\/wp\/v2\/types\/page"}],"author":[{"embeddable":true,"href":"https:\/\/ablitas.ccrrnavarras.com\/eu\/wp-json\/wp\/v2\/users\/1"}],"replies":[{"embeddable":true,"href":"https:\/\/ablitas.ccrrnavarras.com\/eu\/wp-json\/wp\/v2\/comments?post=5444"}],"version-history":[{"count":5,"href":"https:\/\/ablitas.ccrrnavarras.com\/eu\/wp-json\/wp\/v2\/pages\/5444\/revisions"}],"predecessor-version":[{"id":5479,"href":"https:\/\/ablitas.ccrrnavarras.com\/eu\/wp-json\/wp\/v2\/pages\/5444\/revisions\/5479"}],"wp:attachment":[{"href":"https:\/\/ablitas.ccrrnavarras.com\/eu\/wp-json\/wp\/v2\/media?parent=5444"}],"curies":[{"name":"wp","href":"https:\/\/api.w.org\/{rel}","templated":true}]}}