{"id":5445,"date":"2025-04-21T16:34:08","date_gmt":"2025-04-21T14:34:08","guid":{"rendered":"https:\/\/ablitas.ccrrnavarras.com\/?page_id=5445"},"modified":"2025-06-24T16:47:18","modified_gmt":"2025-06-24T14:47:18","slug":"gardentasuna","status":"publish","type":"page","link":"https:\/\/ablitas.ccrrnavarras.com\/eu\/gardentasuna\/","title":{"rendered":"Gardentasuna"},"content":{"rendered":"\t\t<div data-elementor-type=\"wp-page\" data-elementor-id=\"5445\" class=\"elementor elementor-5445 elementor-4632\" data-elementor-post-type=\"page\">\n\t\t\t\t<div class=\"elementor-element elementor-element-b25daf3 e-flex e-con-boxed e-con e-parent\" data-id=\"b25daf3\" data-element_type=\"container\" data-settings=\"{&quot;background_background&quot;:&quot;classic&quot;}\">\n\t\t\t\t\t<div class=\"e-con-inner\">\n\t\t\t\t<div class=\"elementor-element elementor-element-d14e013 blue-underline elementor-widget elementor-widget-heading\" data-id=\"d14e013\" data-element_type=\"widget\" data-widget_type=\"heading.default\">\n\t\t\t\t<div class=\"elementor-widget-container\">\n\t\t\t\t\t<h1 class=\"elementor-heading-title elementor-size-default\">Transparencia<\/h1>\t\t\t\t<\/div>\n\t\t\t\t<\/div>\n\t\t\t\t\t<\/div>\n\t\t\t\t<\/div>\n\t\t<div class=\"elementor-element elementor-element-ab5cce9 e-flex e-con-boxed e-con e-parent\" data-id=\"ab5cce9\" data-element_type=\"container\" data-settings=\"{&quot;background_background&quot;:&quot;classic&quot;}\">\n\t\t\t\t\t<div class=\"e-con-inner\">\n\t\t<div class=\"elementor-element elementor-element-3bf78f4 e-con-full e-flex e-con e-child\" data-id=\"3bf78f4\" data-element_type=\"container\">\n\t\t\t\t<div class=\"elementor-element elementor-element-ce8828b blue-underline elementor-widget elementor-widget-heading\" data-id=\"ce8828b\" data-element_type=\"widget\" data-widget_type=\"heading.default\">\n\t\t\t\t<div class=\"elementor-widget-container\">\n\t\t\t\t\t<h2 class=\"elementor-heading-title elementor-size-default\">Esquema General<\/h2>\t\t\t\t<\/div>\n\t\t\t\t<\/div>\n\t\t\t\t<div class=\"elementor-element elementor-element-0f4f39f anchor-list elementor-widget elementor-widget-text-editor\" data-id=\"0f4f39f\" data-element_type=\"widget\" data-widget_type=\"text-editor.default\">\n\t\t\t\t<div class=\"elementor-widget-container\">\n\t\t\t\t\t\t\t\t\t<ul>\n \t<li><a href=\"#1\">\u00d3rganos principales<\/a>\n<ul>\n \t<li><a href=\"#1-1\">Junta General<\/a><\/li>\n \t<li><a href=\"#1-2\">Junta de Gobierno<\/a><\/li>\n \t<li><a href=\"#1-3\">Jurado de Riegos<\/a><\/li>\n<\/ul>\n<\/li>\n \t<li><a href=\"#2\">Legislaci\u00f3n Euopea y estatal<\/a><\/li>\n \t<li><a href=\"#3\">Ordenanzas<\/a><\/li>\n \t<li><a href=\"#4\">Colaboraci\u00f3n con otras entidades<\/a><\/li>\n \t<li><a href=\"#5\">Enlaces de inter\u00e9s<\/a><\/li>\n<\/ul>\t\t\t\t\t\t\t\t<\/div>\n\t\t\t\t<\/div>\n\t\t\t\t<\/div>\n\t\t<div class=\"elementor-element elementor-element-5ccc393 e-con-full e-flex e-con e-child\" data-id=\"5ccc393\" data-element_type=\"container\">\n\t\t\t\t<div class=\"elementor-element elementor-element-59a3441 blue-title elementor-widget elementor-widget-heading\" data-id=\"59a3441\" data-element_type=\"widget\" data-widget_type=\"heading.default\">\n\t\t\t\t<div class=\"elementor-widget-container\">\n\t\t\t\t\t<h2 class=\"elementor-heading-title elementor-size-default\">\u00d3RGANOS PRINCIPALES<\/h2>\t\t\t\t<\/div>\n\t\t\t\t<\/div>\n\t\t\t\t<div class=\"elementor-element elementor-element-bca5517 elementor-widget elementor-widget-n-accordion\" data-id=\"bca5517\" data-element_type=\"widget\" data-settings=\"{&quot;default_state&quot;:&quot;expanded&quot;,&quot;max_items_expended&quot;:&quot;one&quot;,&quot;n_accordion_animation_duration&quot;:{&quot;unit&quot;:&quot;ms&quot;,&quot;size&quot;:400,&quot;sizes&quot;:[]}}\" data-widget_type=\"nested-accordion.default\">\n\t\t\t\t<div class=\"elementor-widget-container\">\n\t\t\t\t\t\t\t<div class=\"e-n-accordion\" aria-label=\"Accordion. Open links with Enter or Space, close with Escape, and navigate with Arrow Keys\">\n\t\t\t\t\t\t<details id=\"1-1\" class=\"e-n-accordion-item\" open>\n\t\t\t\t<summary class=\"e-n-accordion-item-title\" data-accordion-index=\"1\" tabindex=\"0\" aria-expanded=\"true\" aria-controls=\"1-1\" >\n\t\t\t\t\t<span class='e-n-accordion-item-title-header'><div class=\"e-n-accordion-item-title-text\"> Junta General o Asamblea                           <\/div><\/span>\n\t\t\t\t\t\t\t<span class='e-n-accordion-item-title-icon'>\n\t\t\t<span class='e-opened' ><svg aria-hidden=\"true\" class=\"e-font-icon-svg e-fas-minus\" viewBox=\"0 0 448 512\" xmlns=\"http:\/\/www.w3.org\/2000\/svg\"><path d=\"M416 208H32c-17.67 0-32 14.33-32 32v32c0 17.67 14.33 32 32 32h384c17.67 0 32-14.33 32-32v-32c0-17.67-14.33-32-32-32z\"><\/path><\/svg><\/span>\n\t\t\t<span class='e-closed'><svg aria-hidden=\"true\" class=\"e-font-icon-svg e-fas-plus\" viewBox=\"0 0 448 512\" xmlns=\"http:\/\/www.w3.org\/2000\/svg\"><path d=\"M416 208H272V64c0-17.67-14.33-32-32-32h-32c-17.67 0-32 14.33-32 32v144H32c-17.67 0-32 14.33-32 32v32c0 17.67 14.33 32 32 32h144v144c0 17.67 14.33 32 32 32h32c17.67 0 32-14.33 32-32V304h144c17.67 0 32-14.33 32-32v-32c0-17.67-14.33-32-32-32z\"><\/path><\/svg><\/span>\n\t\t<\/span>\n\n\t\t\t\t\t\t<\/summary>\n\t\t\t\t<div role=\"region\" aria-labelledby=\"1-1\" class=\"elementor-element elementor-element-965c7ce e-con-full e-flex e-con e-child\" data-id=\"965c7ce\" data-element_type=\"container\">\n\t\t<div role=\"region\" aria-labelledby=\"1-1\" class=\"elementor-element elementor-element-ef52318 e-flex e-con-boxed e-con e-child\" data-id=\"ef52318\" data-element_type=\"container\">\n\t\t\t\t\t<div class=\"e-con-inner\">\n\t\t\t\t<div class=\"elementor-element elementor-element-9df791c elementor-widget elementor-widget-text-editor\" data-id=\"9df791c\" data-element_type=\"widget\" data-widget_type=\"text-editor.default\">\n\t\t\t\t<div class=\"elementor-widget-container\">\n\t\t\t\t\t\t\t\t\t<p>\u2022 Presidente: Juan Carlos Fern\u00e1ndez Rodero<\/p><p>\u2022 Secretario: Angel-Vidal Aznar Alegr\u00eda<\/p><p>\u2022 Vicepresidente: Roberto Arriazu Fernandez<\/p><p>\u2022 Vocal: Javier Alegr\u00eda Villafranca<\/p><p>\u2022 Vocal: Angel Zardoya Navarro<\/p><p>\u2022 Vocal: Jesus Zardoya Navarro<\/p><p>\u2022 Vocal: Jose Luis Zardoya Alegr\u00eda<\/p><p>\u2022 Vocal: Jose Maria Melero Melero<\/p><p>\u2022 837 Socios<\/p>\t\t\t\t\t\t\t\t<\/div>\n\t\t\t\t<\/div>\n\t\t\t\t\t<\/div>\n\t\t\t\t<\/div>\n\t\t\t\t<\/div>\n\t\t\t\t\t<\/details>\n\t\t\t\t\t\t<details id=\"1-2\" class=\"e-n-accordion-item\" >\n\t\t\t\t<summary class=\"e-n-accordion-item-title\" data-accordion-index=\"2\" tabindex=\"-1\" aria-expanded=\"false\" aria-controls=\"1-2\" >\n\t\t\t\t\t<span class='e-n-accordion-item-title-header'><div class=\"e-n-accordion-item-title-text\"> Junta de Gobierno <\/div><\/span>\n\t\t\t\t\t\t\t<span class='e-n-accordion-item-title-icon'>\n\t\t\t<span class='e-opened' ><svg aria-hidden=\"true\" class=\"e-font-icon-svg e-fas-minus\" viewBox=\"0 0 448 512\" xmlns=\"http:\/\/www.w3.org\/2000\/svg\"><path d=\"M416 208H32c-17.67 0-32 14.33-32 32v32c0 17.67 14.33 32 32 32h384c17.67 0 32-14.33 32-32v-32c0-17.67-14.33-32-32-32z\"><\/path><\/svg><\/span>\n\t\t\t<span class='e-closed'><svg aria-hidden=\"true\" class=\"e-font-icon-svg e-fas-plus\" viewBox=\"0 0 448 512\" xmlns=\"http:\/\/www.w3.org\/2000\/svg\"><path d=\"M416 208H272V64c0-17.67-14.33-32-32-32h-32c-17.67 0-32 14.33-32 32v144H32c-17.67 0-32 14.33-32 32v32c0 17.67 14.33 32 32 32h144v144c0 17.67 14.33 32 32 32h32c17.67 0 32-14.33 32-32V304h144c17.67 0 32-14.33 32-32v-32c0-17.67-14.33-32-32-32z\"><\/path><\/svg><\/span>\n\t\t<\/span>\n\n\t\t\t\t\t\t<\/summary>\n\t\t\t\t<div role=\"region\" aria-labelledby=\"1-2\" class=\"elementor-element elementor-element-b8e50f9 e-con-full e-flex e-con e-child\" data-id=\"b8e50f9\" data-element_type=\"container\">\n\t\t<div role=\"region\" aria-labelledby=\"1-2\" class=\"elementor-element elementor-element-bd52253 e-flex e-con-boxed e-con e-child\" data-id=\"bd52253\" data-element_type=\"container\">\n\t\t\t\t\t<div class=\"e-con-inner\">\n\t\t\t\t<div class=\"elementor-element elementor-element-d24807a elementor-widget elementor-widget-text-editor\" data-id=\"d24807a\" data-element_type=\"widget\" data-widget_type=\"text-editor.default\">\n\t\t\t\t<div class=\"elementor-widget-container\">\n\t\t\t\t\t\t\t\t\t<p>\u2022 Presidente: Juan Carlos Fern\u00e1ndez Rodero<br \/>\u2022 Secretario: Angel-Vidal Aznar Alegr\u00eda<br \/>\u2022 Vicepresidente: Roberto Arriazu Fernandez<br \/>\u2022 Vocal: Javier Alegr\u00eda Villafranca<br \/>\u2022 Vocal: Angel Zardoya Navarro<br \/>\u2022 Vocal: Jesus Zardoya Navarro<br \/>\u2022 Vocal: Jose Luis Zardoya Alegr\u00eda<br \/>\u2022 Vocal: Jose Maria Melero Melero<\/p>\t\t\t\t\t\t\t\t<\/div>\n\t\t\t\t<\/div>\n\t\t\t\t\t<\/div>\n\t\t\t\t<\/div>\n\t\t\t\t<\/div>\n\t\t\t\t\t<\/details>\n\t\t\t\t\t\t<details id=\"1-4\" class=\"e-n-accordion-item\" >\n\t\t\t\t<summary class=\"e-n-accordion-item-title\" data-accordion-index=\"3\" tabindex=\"-1\" aria-expanded=\"false\" aria-controls=\"1-4\" >\n\t\t\t\t\t<span class='e-n-accordion-item-title-header'><div class=\"e-n-accordion-item-title-text\"> Jurado de Riegos <\/div><\/span>\n\t\t\t\t\t\t\t<span class='e-n-accordion-item-title-icon'>\n\t\t\t<span class='e-opened' ><svg aria-hidden=\"true\" class=\"e-font-icon-svg e-fas-minus\" viewBox=\"0 0 448 512\" xmlns=\"http:\/\/www.w3.org\/2000\/svg\"><path d=\"M416 208H32c-17.67 0-32 14.33-32 32v32c0 17.67 14.33 32 32 32h384c17.67 0 32-14.33 32-32v-32c0-17.67-14.33-32-32-32z\"><\/path><\/svg><\/span>\n\t\t\t<span class='e-closed'><svg aria-hidden=\"true\" class=\"e-font-icon-svg e-fas-plus\" viewBox=\"0 0 448 512\" xmlns=\"http:\/\/www.w3.org\/2000\/svg\"><path d=\"M416 208H272V64c0-17.67-14.33-32-32-32h-32c-17.67 0-32 14.33-32 32v144H32c-17.67 0-32 14.33-32 32v32c0 17.67 14.33 32 32 32h144v144c0 17.67 14.33 32 32 32h32c17.67 0 32-14.33 32-32V304h144c17.67 0 32-14.33 32-32v-32c0-17.67-14.33-32-32-32z\"><\/path><\/svg><\/span>\n\t\t<\/span>\n\n\t\t\t\t\t\t<\/summary>\n\t\t\t\t<div role=\"region\" aria-labelledby=\"1-4\" class=\"elementor-element elementor-element-40bcda5 e-flex e-con-boxed e-con e-child\" data-id=\"40bcda5\" data-element_type=\"container\">\n\t\t\t\t\t<div class=\"e-con-inner\">\n\t\t\t\t<div class=\"elementor-element elementor-element-63f609e elementor-widget elementor-widget-text-editor\" data-id=\"63f609e\" data-element_type=\"widget\" data-widget_type=\"text-editor.default\">\n\t\t\t\t<div class=\"elementor-widget-container\">\n\t\t\t\t\t\t\t\t\t<p>\u2022 Presidente: Juan Carlos Fern\u00e1ndez Rodero<\/p><p>\u2022 Secretario: Angel-Vidal Aznar Alegr\u00eda<\/p><p>\u2022 Vicepresidente: Roberto Arriazu Fernandez<\/p><p>\u2022 Vocal: Javier Alegr\u00eda Villafranca<\/p><p>\u2022 Vocal: Angel Zardoya Navarro<\/p><p>\u2022 Vocal: Jesus Zardoya Navarro<\/p><p>\u2022 Vocal: Jose Luis Zardoya Alegr\u00eda<\/p><p>\u2022 Vocal: Jose Maria Melero Melero<\/p>\t\t\t\t\t\t\t\t<\/div>\n\t\t\t\t<\/div>\n\t\t\t\t\t<\/div>\n\t\t\t\t<\/div>\n\t\t\t\t\t<\/details>\n\t\t\t\t\t<\/div>\n\t\t\t\t\t\t<\/div>\n\t\t\t\t<\/div>\n\t\t\t\t<\/div>\n\t\t<div class=\"elementor-element elementor-element-a738910 e-con-full e-flex e-con e-child\" data-id=\"a738910\" data-element_type=\"container\">\n\t\t\t\t<div class=\"elementor-element elementor-element-34450fe blue-title elementor-widget elementor-widget-heading\" data-id=\"34450fe\" data-element_type=\"widget\" data-widget_type=\"heading.default\">\n\t\t\t\t<div class=\"elementor-widget-container\">\n\t\t\t\t\t<h2 class=\"elementor-heading-title elementor-size-default\">Legislaci\u00f3n Europea y estatal<\/h2>\t\t\t\t<\/div>\n\t\t\t\t<\/div>\n\t\t<div class=\"elementor-element elementor-element-a7e6c66 e-grid e-con-full e-con e-child\" data-id=\"a7e6c66\" data-element_type=\"container\">\n\t\t\t\t<div class=\"elementor-element elementor-element-f509a0c elementor-widget elementor-widget-info_box\" data-id=\"f509a0c\" data-element_type=\"widget\" data-settings=\"{&quot;alignment&quot;:&quot;center&quot;,&quot;color-text&quot;:&quot;dark&quot;}\" data-widget_type=\"info_box.default\">\n\t\t\t\t<div class=\"elementor-widget-container\">\n\t\t\t\t\t<div class=\"nit-infobox align-center text-color-dark\" ><div class=\"nit-infobox-header\"><h3>Reglamento de la Ley de Aguas<\/h3><\/div><div class=\"nit-infobox-content\">\n                    <p>Real Decreto Legislativo 1\/2001, de 20 de julio, por el que se aprueba el texto refundido de la Ley de Aguas.<\/p><a href=\"https:\/\/www.boe.es\/buscar\/act.php?id=BOE-A-2001-14276\" class=\"button\" target=\"_blank\" rel=\"noopener\">Enlace BOE: A 2001 14276<\/a><\/div><\/div>\t\t\t\t<\/div>\n\t\t\t\t<\/div>\n\t\t\t\t<div class=\"elementor-element elementor-element-bebfb1d elementor-widget elementor-widget-info_box\" data-id=\"bebfb1d\" data-element_type=\"widget\" data-settings=\"{&quot;alignment&quot;:&quot;center&quot;,&quot;color-text&quot;:&quot;light&quot;}\" data-widget_type=\"info_box.default\">\n\t\t\t\t<div class=\"elementor-widget-container\">\n\t\t\t\t\t<div class=\"nit-infobox align-center text-color-light\" ><div class=\"nit-infobox-header\"><h3>Reglamento del Dominio P\u00fablico Hidr\u00e1ulico<\/h3><\/div><div class=\"nit-infobox-content\">\n                    <p>Real Decreto 849\/1986, de 11 de abril, por el que se aprueba el Reglamento del Dominio P\u00fablico Hidr\u00e1ulico.<\/p><a href=\"https:\/\/www.boe.es\/buscar\/act.php?id=BOE-A-1986-10638\" class=\"button\" target=\"_blank\" rel=\"noopener\">Enlace BOE: A 1986 10638<\/a><\/div><\/div>\t\t\t\t<\/div>\n\t\t\t\t<\/div>\n\t\t\t\t<div class=\"elementor-element elementor-element-4b2d240 elementor-widget elementor-widget-info_box\" data-id=\"4b2d240\" data-element_type=\"widget\" data-settings=\"{&quot;alignment&quot;:&quot;center&quot;,&quot;color-text&quot;:&quot;dark&quot;}\" data-widget_type=\"info_box.default\">\n\t\t\t\t<div class=\"elementor-widget-container\">\n\t\t\t\t\t<div class=\"nit-infobox align-center text-color-dark\" ><div class=\"nit-infobox-header\"><h3>Reglamento del Dominio P\u00fablico Hidr\u00e1ulico<\/h3><\/div><div class=\"nit-infobox-content\">\n                    <p>Directiva 2000\/60\/CE del Parlamento Europeo y del Consejo, de 23 de octubre de 2000, por la que se establece un marco comunitario de actuaci\u00f3n en el \u00e1mbito de la pol\u00edtica de aguas.<\/p><a href=\"https:\/\/www.boe.es\/buscar\/doc.php?id=DOUE-L-2000-82524\" class=\"button\" target=\"_blank\" rel=\"noopener\">Enlace DOUE: L 2000 82524<\/a><\/div><\/div>\t\t\t\t<\/div>\n\t\t\t\t<\/div>\n\t\t\t\t<\/div>\n\t\t\t\t<\/div>\n\t\t<div class=\"elementor-element elementor-element-1adea5d e-con-full e-flex e-con e-child\" data-id=\"1adea5d\" data-element_type=\"container\">\n\t\t\t\t<div class=\"elementor-element elementor-element-9bafaf9 blue-title elementor-widget elementor-widget-heading\" data-id=\"9bafaf9\" data-element_type=\"widget\" data-widget_type=\"heading.default\">\n\t\t\t\t<div class=\"elementor-widget-container\">\n\t\t\t\t\t<h3 class=\"elementor-heading-title elementor-size-default\">Ordenanzas<\/h3>\t\t\t\t<\/div>\n\t\t\t\t<\/div>\n\t\t\t\t<div class=\"elementor-element elementor-element-abadc65 elementor-widget elementor-widget-text-editor\" data-id=\"abadc65\" data-element_type=\"widget\" data-widget_type=\"text-editor.default\">\n\t\t\t\t<div class=\"elementor-widget-container\">\n\t\t\t\t\t\t\t\t\t<p>Ordenanzas de la Comunidad de regantes de la Villa de Ablitas.<\/p>\t\t\t\t\t\t\t\t<\/div>\n\t\t\t\t<\/div>\n\t\t\t\t<div class=\"elementor-element elementor-element-e0b3f9a elementor-widget elementor-widget-button\" data-id=\"e0b3f9a\" data-element_type=\"widget\" data-widget_type=\"button.default\">\n\t\t\t\t<div class=\"elementor-widget-container\">\n\t\t\t\t\t\t\t\t\t<div class=\"elementor-button-wrapper\">\n\t\t\t\t\t<a class=\"elementor-button elementor-button-link elementor-size-sm\" href=\"\/wp-content\/uploads\/2025\/06\/Ablitas_Ordenanzas.pdf\">\n\t\t\t\t\t\t<span class=\"elementor-button-content-wrapper\">\n\t\t\t\t\t\t\t\t\t<span class=\"elementor-button-text\">Ordenanza<\/span>\n\t\t\t\t\t<\/span>\n\t\t\t\t\t<\/a>\n\t\t\t\t<\/div>\n\t\t\t\t\t\t\t\t<\/div>\n\t\t\t\t<\/div>\n\t\t\t\t<\/div>\n\t\t<div class=\"elementor-element elementor-element-eabc714 e-con-full e-flex e-con e-child\" data-id=\"eabc714\" data-element_type=\"container\">\n\t\t\t\t<div class=\"elementor-element elementor-element-bddd176 blue-title elementor-widget elementor-widget-heading\" data-id=\"bddd176\" data-element_type=\"widget\" data-widget_type=\"heading.default\">\n\t\t\t\t<div class=\"elementor-widget-container\">\n\t\t\t\t\t<h3 class=\"elementor-heading-title elementor-size-default\">Colaboraci\u00f3n con otras entidades<\/h3>\t\t\t\t<\/div>\n\t\t\t\t<\/div>\n\t\t<div class=\"elementor-element elementor-element-4626f22 e-con-full e-flex e-con e-child\" data-id=\"4626f22\" data-element_type=\"container\">\n\t\t\t\t<div class=\"elementor-element elementor-element-343a4b9 elementor-widget elementor-widget-image\" data-id=\"343a4b9\" data-element_type=\"widget\" data-widget_type=\"image.default\">\n\t\t\t\t<div class=\"elementor-widget-container\">\n\t\t\t\t\t\t\t\t\t\t\t\t\t\t\t\t<a href=\"#\">\n\t\t\t\t\t\t\t<img fetchpriority=\"high\" decoding=\"async\" width=\"360\" height=\"240\" src=\"https:\/\/ablitas.ccrrnavarras.com\/wp-content\/uploads\/2025\/05\/logo1.jpg\" class=\"attachment-full size-full wp-image-4898\" alt=\"logo default\" srcset=\"https:\/\/ablitas.ccrrnavarras.com\/wp-content\/uploads\/2025\/05\/logo1.jpg 360w, https:\/\/ablitas.ccrrnavarras.com\/wp-content\/uploads\/2025\/05\/logo1-300x200.jpg 300w\" sizes=\"(max-width: 360px) 100vw, 360px\" \/>\t\t\t\t\t\t\t\t<\/a>\n\t\t\t\t\t\t\t\t\t\t\t\t\t\t\t<\/div>\n\t\t\t\t<\/div>\n\t\t\t\t<div class=\"elementor-element elementor-element-0b2e8af elementor-widget elementor-widget-image\" data-id=\"0b2e8af\" data-element_type=\"widget\" data-widget_type=\"image.default\">\n\t\t\t\t<div class=\"elementor-widget-container\">\n\t\t\t\t\t\t\t\t\t\t\t\t\t\t\t\t<a href=\"#\">\n\t\t\t\t\t\t\t<img decoding=\"async\" width=\"360\" height=\"240\" src=\"https:\/\/ablitas.ccrrnavarras.com\/wp-content\/uploads\/2025\/05\/logo2.jpg\" class=\"attachment-full size-full wp-image-4900\" alt=\"logo default\" srcset=\"https:\/\/ablitas.ccrrnavarras.com\/wp-content\/uploads\/2025\/05\/logo2.jpg 360w, https:\/\/ablitas.ccrrnavarras.com\/wp-content\/uploads\/2025\/05\/logo2-300x200.jpg 300w\" sizes=\"(max-width: 360px) 100vw, 360px\" \/>\t\t\t\t\t\t\t\t<\/a>\n\t\t\t\t\t\t\t\t\t\t\t\t\t\t\t<\/div>\n\t\t\t\t<\/div>\n\t\t\t\t<div class=\"elementor-element elementor-element-c103a69 elementor-widget elementor-widget-image\" data-id=\"c103a69\" data-element_type=\"widget\" data-widget_type=\"image.default\">\n\t\t\t\t<div class=\"elementor-widget-container\">\n\t\t\t\t\t\t\t\t\t\t\t\t\t\t\t\t<a href=\"#\">\n\t\t\t\t\t\t\t<img decoding=\"async\" width=\"360\" height=\"240\" src=\"https:\/\/ablitas.ccrrnavarras.com\/wp-content\/uploads\/2025\/05\/logo3.jpg\" class=\"attachment-full size-full wp-image-4902\" alt=\"logo default\" srcset=\"https:\/\/ablitas.ccrrnavarras.com\/wp-content\/uploads\/2025\/05\/logo3.jpg 360w, https:\/\/ablitas.ccrrnavarras.com\/wp-content\/uploads\/2025\/05\/logo3-300x200.jpg 300w\" sizes=\"(max-width: 360px) 100vw, 360px\" \/>\t\t\t\t\t\t\t\t<\/a>\n\t\t\t\t\t\t\t\t\t\t\t\t\t\t\t<\/div>\n\t\t\t\t<\/div>\n\t\t\t\t<div class=\"elementor-element elementor-element-32722c3 elementor-widget elementor-widget-image\" data-id=\"32722c3\" data-element_type=\"widget\" data-widget_type=\"image.default\">\n\t\t\t\t<div class=\"elementor-widget-container\">\n\t\t\t\t\t\t\t\t\t\t\t\t\t\t\t\t<a href=\"#\">\n\t\t\t\t\t\t\t<img fetchpriority=\"high\" decoding=\"async\" width=\"360\" height=\"240\" src=\"https:\/\/ablitas.ccrrnavarras.com\/wp-content\/uploads\/2025\/05\/logo1.jpg\" class=\"attachment-full size-full wp-image-4898\" alt=\"logo default\" srcset=\"https:\/\/ablitas.ccrrnavarras.com\/wp-content\/uploads\/2025\/05\/logo1.jpg 360w, https:\/\/ablitas.ccrrnavarras.com\/wp-content\/uploads\/2025\/05\/logo1-300x200.jpg 300w\" sizes=\"(max-width: 360px) 100vw, 360px\" \/>\t\t\t\t\t\t\t\t<\/a>\n\t\t\t\t\t\t\t\t\t\t\t\t\t\t\t<\/div>\n\t\t\t\t<\/div>\n\t\t\t\t<\/div>\n\t\t\t\t<\/div>\n\t\t<div class=\"elementor-element elementor-element-c983b87 e-con-full e-flex e-con e-child\" data-id=\"c983b87\" data-element_type=\"container\">\n\t\t<div class=\"elementor-element elementor-element-2f4c31a e-con-full e-flex e-con e-child\" data-id=\"2f4c31a\" data-element_type=\"container\">\n\t\t\t\t<div class=\"elementor-element elementor-element-179243e blue-title elementor-widget elementor-widget-heading\" data-id=\"179243e\" data-element_type=\"widget\" data-widget_type=\"heading.default\">\n\t\t\t\t<div class=\"elementor-widget-container\">\n\t\t\t\t\t<h2 class=\"elementor-heading-title elementor-size-default\">Enlaces de inter\u00e9s<\/h2>\t\t\t\t<\/div>\n\t\t\t\t<\/div>\n\t\t\t\t<\/div>\n\t\t<div class=\"elementor-element elementor-element-d51f569 e-con-full e-flex e-con e-child\" data-id=\"d51f569\" data-element_type=\"container\">\n\t\t\t\t<div class=\"elementor-element elementor-element-26dc2cf elementor-widget elementor-widget-link_box\" data-id=\"26dc2cf\" data-element_type=\"widget\" data-settings=\"{&quot;link_box_target&quot;:&quot;self&quot;}\" data-widget_type=\"link_box.default\">\n\t\t\t\t<div class=\"elementor-widget-container\">\n\t\t\t\t\t<div class=\"nit-linkbox border icon\"><div class=\"nit-linkbox-icon\"><i class=\"fa fa-solid fa-link\"><\/i><\/div><div class=\"nit-linkbox-link\"><a href=\"https:\\\\riegosdenavarra.es\" target=\"_self\" >https:\\\\riegosdenavarra.es<\/a><\/div><div>\t\t\t\t<\/div>\n\t\t\t\t<\/div>\n\t\t\t\t<div class=\"elementor-element elementor-element-8a666af elementor-widget elementor-widget-link_box\" data-id=\"8a666af\" data-element_type=\"widget\" data-settings=\"{&quot;link_box_target&quot;:&quot;self&quot;}\" data-widget_type=\"link_box.default\">\n\t\t\t\t<div class=\"elementor-widget-container\">\n\t\t\t\t\t<div class=\"nit-linkbox border icon\"><div class=\"nit-linkbox-icon\"><i class=\"fa fa-solid fa-link\"><\/i><\/div><div class=\"nit-linkbox-link\"><a href=\"https:\\\\intiasa.es\" target=\"_self\" >https:\\\\intiasa.es<\/a><\/div><div>\t\t\t\t<\/div>\n\t\t\t\t<\/div>\n\t\t\t\t<\/div>\n\t\t\t\t<\/div>\n\t\t\t\t\t<\/div>\n\t\t\t\t<\/div>\n\t\t\t\t<\/div>\n\t\t","protected":false},"excerpt":{"rendered":"<p>Transparencia Esquema General \u00d3rganos principales Junta General Junta de Gobierno Jurado de Riegos Legislaci\u00f3n Euopea y estatal Ordenanzas Colaboraci\u00f3n con otras entidades Enlaces de inter\u00e9s \u00d3RGANOS PRINCIPALES Junta General o Asamblea \u2022 Presidente: Juan Carlos Fern\u00e1ndez Rodero \u2022 Secretario: Angel-Vidal Aznar Alegr\u00eda \u2022 Vicepresidente: Roberto Arriazu Fernandez \u2022 Vocal: Javier Alegr\u00eda Villafranca \u2022 Vocal: Angel [&hellip;]<\/p>\n","protected":false},"author":1,"featured_media":0,"parent":0,"menu_order":0,"comment_status":"closed","ping_status":"closed","template":"","meta":{"site-sidebar-layout":"no-sidebar","site-content-layout":"page-builder","ast-site-content-layout":"full-width-container","site-content-style":"unboxed","site-sidebar-style":"unboxed","ast-global-header-display":"","ast-banner-title-visibility":"","ast-main-header-display":"","ast-hfb-above-header-display":"","ast-hfb-below-header-display":"","ast-hfb-mobile-header-display":"","site-post-title":"disabled","ast-breadcrumbs-content":"","ast-featured-img":"disabled","footer-sml-layout":"","theme-transparent-header-meta":"enabled","adv-header-id-meta":"","stick-header-meta":"","header-above-stick-meta":"","header-main-stick-meta":"","header-below-stick-meta":"","astra-migrate-meta-layouts":"set","ast-page-background-enabled":"default","ast-page-background-meta":{"desktop":{"background-color":"var(--ast-global-color-4)","background-image":"","background-repeat":"repeat","background-position":"center center","background-size":"auto","background-attachment":"scroll","background-type":"","background-media":"","overlay-type":"","overlay-color":"","overlay-opacity":"","overlay-gradient":""},"tablet":{"background-color":"","background-image":"","background-repeat":"repeat","background-position":"center center","background-size":"auto","background-attachment":"scroll","background-type":"","background-media":"","overlay-type":"","overlay-color":"","overlay-opacity":"","overlay-gradient":""},"mobile":{"background-color":"","background-image":"","background-repeat":"repeat","background-position":"center center","background-size":"auto","background-attachment":"scroll","background-type":"","background-media":"","overlay-type":"","overlay-color":"","overlay-opacity":"","overlay-gradient":""}},"ast-content-background-meta":{"desktop":{"background-color":"var(--ast-global-color-5)","background-image":"","background-repeat":"repeat","background-position":"center center","background-size":"auto","background-attachment":"scroll","background-type":"","background-media":"","overlay-type":"","overlay-color":"","overlay-opacity":"","overlay-gradient":""},"tablet":{"background-color":"var(--ast-global-color-5)","background-image":"","background-repeat":"repeat","background-position":"center center","background-size":"auto","background-attachment":"scroll","background-type":"","background-media":"","overlay-type":"","overlay-color":"","overlay-opacity":"","overlay-gradient":""},"mobile":{"background-color":"var(--ast-global-color-5)","background-image":"","background-repeat":"repeat","background-position":"center center","background-size":"auto","background-attachment":"scroll","background-type":"","background-media":"","overlay-type":"","overlay-color":"","overlay-opacity":"","overlay-gradient":""}},"footnotes":""},"class_list":["post-5445","page","type-page","status-publish","hentry"],"_links":{"self":[{"href":"https:\/\/ablitas.ccrrnavarras.com\/eu\/wp-json\/wp\/v2\/pages\/5445","targetHints":{"allow":["GET"]}}],"collection":[{"href":"https:\/\/ablitas.ccrrnavarras.com\/eu\/wp-json\/wp\/v2\/pages"}],"about":[{"href":"https:\/\/ablitas.ccrrnavarras.com\/eu\/wp-json\/wp\/v2\/types\/page"}],"author":[{"embeddable":true,"href":"https:\/\/ablitas.ccrrnavarras.com\/eu\/wp-json\/wp\/v2\/users\/1"}],"replies":[{"embeddable":true,"href":"https:\/\/ablitas.ccrrnavarras.com\/eu\/wp-json\/wp\/v2\/comments?post=5445"}],"version-history":[{"count":5,"href":"https:\/\/ablitas.ccrrnavarras.com\/eu\/wp-json\/wp\/v2\/pages\/5445\/revisions"}],"predecessor-version":[{"id":5471,"href":"https:\/\/ablitas.ccrrnavarras.com\/eu\/wp-json\/wp\/v2\/pages\/5445\/revisions\/5471"}],"wp:attachment":[{"href":"https:\/\/ablitas.ccrrnavarras.com\/eu\/wp-json\/wp\/v2\/media?parent=5445"}],"curies":[{"name":"wp","href":"https:\/\/api.w.org\/{rel}","templated":true}]}}